{"id":159,"date":"2017-06-04T09:39:30","date_gmt":"2017-06-04T09:39:30","guid":{"rendered":"http:\/\/www.interlanguage.hu\/english\/?page_id=159"},"modified":"2026-02-17T15:25:39","modified_gmt":"2026-02-17T15:25:39","slug":"slovak-language-course","status":"publish","type":"page","link":"https:\/\/www.interlanguage.hu\/english\/slovak-language-course\/","title":{"rendered":"Slovak Language Course"},"content":{"rendered":"\n<figure class=\"wp-block-image size-full\"><img loading=\"lazy\" width=\"743\" height=\"485\" src=\"https:\/\/www.interlanguage.hu\/english\/wp-content\/uploads\/Kepernyokep-2026-02-17-160408.png\" alt=\"\" class=\"wp-image-3282\" srcset=\"https:\/\/www.interlanguage.hu\/english\/wp-content\/uploads\/Kepernyokep-2026-02-17-160408.png 743w, https:\/\/www.interlanguage.hu\/english\/wp-content\/uploads\/Kepernyokep-2026-02-17-160408-300x196.png 300w\" sizes=\"(max-width: 743px) 100vw, 743px\" \/><\/figure>\n\n\n<p style=\"text-align: justify;\"><strong><span lang=\"en\">Slovak courses online or in classroom<br \/><\/span><\/strong><span lang=\"en\"><strong>Our online trainings<\/strong> are held on a digital platform agreed with the participant(s).<br \/><\/span><span lang=\"en\"><strong>Our classroom trainings<\/strong> take place in the center of Budapes at our language school. <\/span><\/p>\n<p id=\"tw-target-text\" class=\"tw-data-text tw-text-large XcVN5d tw-ta\" dir=\"ltr\" style=\"text-align: justify;\" data-placeholder=\"Ford\u00edt\u00e1s\"><span lang=\"en\"><strong>Course start:<\/strong> <strong>continuously throughout the year<\/strong><br \/>We start our Slovak group language courses throughout the year depending on the number of applicants.<br \/>Our individual Slovak courses start within one week of registration.<\/span><\/p>\n<p id=\"tw-target-text\" class=\"tw-data-text tw-text-large XcVN5d tw-ta\" dir=\"ltr\" style=\"text-align: justify;\" data-placeholder=\"Ford\u00edt\u00e1s\"><span lang=\"en\"><strong>Individual and small group courses<\/strong><br \/>Our Slovak language courses take place within the framework of individual and small group courses (groups of 2 and 3-4 participants).<\/span><\/p>\n<p dir=\"ltr\" style=\"text-align: justify;\" data-placeholder=\"Ford\u00edt\u00e1s\"><strong>Number of\u00a0 lessons<br \/><\/strong><span lang=\"en\">The number of lessons for an Slovak language course module is 24 lessons (24 x 45 minutes) for a group course.<br \/><\/span><\/p>\n<p id=\"tw-target-text\" class=\"tw-data-text tw-text-large XcVN5d tw-ta\" dir=\"ltr\" style=\"text-align: justify;\" data-placeholder=\"Ford\u00edt\u00e1s\"><span lang=\"en\">In the case of an individual Slovak course, the total number of lessons is flexible, it will be determined according to the request of the participant.<br \/><\/span><\/p>\n<p id=\"tw-target-text\" class=\"tw-data-text tw-text-large XcVN5d tw-ta\" dir=\"ltr\" style=\"text-align: justify;\" data-placeholder=\"Ford\u00edt\u00e1s\"><strong>Course schedule<br \/><\/strong><span lang=\"en\">The course schedule for the Slovak language courses is always tailored to the needs of the participant(s). This applies to both our individual and small group courses.<\/span><\/p>\n<p dir=\"ltr\" style=\"text-align: justify;\" data-placeholder=\"Ford\u00edt\u00e1s\"><strong>Levels: <\/strong><strong>from beginner to Advanced (C1)<br \/><\/strong><span lang=\"en\">We offer Slovak language courses from beginner to advanced at the following levels:<br \/>A1, A2, A2+, B1, B1+, B2, B2+, C1<br \/><\/span><\/p>\n<p dir=\"ltr\" style=\"text-align: justify;\" data-placeholder=\"Ford\u00edt\u00e1s\"><strong>Preliminary assessment test<br \/><\/strong><span lang=\"en\">For non-beginners, Slovak language courses are preceded by a test to assess the current language knowledge of the participant.<br \/><\/span><\/p>\n<p dir=\"ltr\" data-placeholder=\"Ford\u00edt\u00e1s\"><\/p>\n<figure class=\"wp-block-image aligncenter size-large\"><img loading=\"lazy\" width=\"1024\" height=\"576\" class=\"wp-image-2006\" src=\"https:\/\/www.interlanguage.hu\/english\/wp-content\/uploads\/stefan-stefancik-g7axSVst6Y-unsplash-1024x576.jpg\" alt=\"\" srcset=\"https:\/\/www.interlanguage.hu\/english\/wp-content\/uploads\/stefan-stefancik-g7axSVst6Y-unsplash-1024x576.jpg 1024w, https:\/\/www.interlanguage.hu\/english\/wp-content\/uploads\/stefan-stefancik-g7axSVst6Y-unsplash-300x169.jpg 300w, https:\/\/www.interlanguage.hu\/english\/wp-content\/uploads\/stefan-stefancik-g7axSVst6Y-unsplash-768x432.jpg 768w, https:\/\/www.interlanguage.hu\/english\/wp-content\/uploads\/stefan-stefancik-g7axSVst6Y-unsplash-1536x864.jpg 1536w, https:\/\/www.interlanguage.hu\/english\/wp-content\/uploads\/stefan-stefancik-g7axSVst6Y-unsplash-2048x1152.jpg 2048w\" sizes=\"(max-width: 1024px) 100vw, 1024px\" \/><\/figure>\n<p dir=\"ltr\" data-placeholder=\"Ford\u00edt\u00e1s\"><\/p>\n<p dir=\"ltr\" style=\"text-align: justify;\" data-placeholder=\"Ford\u00edt\u00e1s\"><strong>Professional and special Slovak courses<br \/><\/strong><span lang=\"en\">Among our Slovak language courses, we also offer professional language and special Slovak courses, including: <\/span><\/p>\n<p dir=\"ltr\" data-placeholder=\"Ford\u00edt\u00e1s\">Professional Slovak language courses:<\/p>\n<ul>\n<li id=\"tw-target-text\" class=\"tw-data-text tw-text-large XcVN5d tw-ta\" dir=\"ltr\" data-placeholder=\"Ford\u00edt\u00e1s\"><span lang=\"en\">business, economy, commercial, catering industry<br \/><\/span><\/li>\n<\/ul>\n<p>Special Slovak trainings:<\/p>\n<ul>\n<li id=\"tw-target-text\" class=\"tw-data-text tw-text-large XcVN5d tw-ta\" dir=\"ltr\" data-placeholder=\"Ford\u00edt\u00e1s\"><span lang=\"en\">Slovak language exam preparation course <\/span><\/li>\n<li class=\"tw-data-text tw-text-large XcVN5d tw-ta\" dir=\"ltr\" data-placeholder=\"Ford\u00edt\u00e1s\"><span lang=\"en\">Slovak language course for university studies<\/span><\/li>\n<li class=\"tw-data-text tw-text-large XcVN5d tw-ta\" dir=\"ltr\" data-placeholder=\"Ford\u00edt\u00e1s\">preparatory course for an Slovak job interview<\/li>\n<li class=\"tw-data-text tw-text-large XcVN5d tw-ta\" dir=\"ltr\" data-placeholder=\"Ford\u00edt\u00e1s\"><span lang=\"en\">tourist language course for travelers to Slovakia<\/span><\/li>\n<li>country studies about Slovakia<\/li>\n<\/ul>\n<div class=\"oSioSc\">\n<div id=\"tw-target\">\n<div id=\"kAz1tf\" class=\"g9WsWb\">\n<div id=\"tw-target-text-container\" class=\"tw-ta-container hide-focus-ring tw-nfl\" tabindex=\"0\">\n<p id=\"tw-target-text\" class=\"tw-data-text tw-text-large XcVN5d tw-ta\" dir=\"ltr\" style=\"text-align: justify;\" data-placeholder=\"Ford\u00edt\u00e1s\"><span lang=\"en\"><strong>International groups and individual courses for language learners from all around the world<\/strong><br \/>Our Slovak language courses are regularly attended by international students.<br \/><\/span><span lang=\"en\">In this case, the language of instruction will be chosen in agreement with the participant(s), for example, the lesson may be taught in Spanish, German, etc.<br \/><\/span><\/p>\n<p dir=\"ltr\" style=\"text-align: justify;\" data-placeholder=\"Ford\u00edt\u00e1s\">Upon request we also offer the possibility that the language of instruction during the language courses are in the target language (Slovak).<\/p>\n<\/div>\n<\/div>\n<\/div>\n<\/div>\n<div id=\"tw-target-rmn-container\" class=\"tw-ta-container hide-focus-ring tw-nfl\">\n<p id=\"tw-target-text\" class=\"tw-data-text tw-text-large XcVN5d tw-ta\" dir=\"ltr\" style=\"text-align: justify;\" data-placeholder=\"Ford\u00edt\u00e1s\"><span lang=\"en\"><strong>Corporate Slovak courses<br \/><\/strong>We also organize Slovak language training within the framework of corporate language courses.<\/span><\/p>\n<p dir=\"ltr\" data-placeholder=\"Ford\u00edt\u00e1s\"><strong>Application<\/strong><\/p>\n<div id=\"tw-target-text-container\" class=\"tw-ta-container hide-focus-ring tw-nfl\" tabindex=\"0\">\n<p id=\"tw-target-text\" class=\"tw-data-text tw-text-large XcVN5d tw-ta\" dir=\"ltr\" style=\"text-align: justify;\" data-placeholder=\"Ford\u00edt\u00e1s\"><span lang=\"en\"> Learn Slovak at our language school and enjoy the benefits of your improved language skills in your conversations with your friends, on your travels, at work or during your business meetings!<br \/><\/span><\/p>\n<p dir=\"ltr\">You can apply for our courses in person at our customer service office, by phone, or by email from Monday to Thursday between 10:00 a.m. and 5:00 p.m., and on Fridays between 10:00 a.m. and 4:00 p.m. Should you wish to visit us in person, our office is conveniently located in the city centre at <span style=\"color: #0000ff;\"><a style=\"color: #0000ff;\" href=\"https:\/\/maps.app.goo.gl\/3bWMaZzhHcpPjpeA6\">1056 Budapest, V\u00e1ci Street 47.<\/a><\/span><\/p>\n<p dir=\"ltr\">You can reach us by phone at <span style=\"color: #0000ff;\"><a style=\"color: #0000ff;\" href=\"tel:+36203404411\">+36 20 340 4411<\/a><\/span> or <span style=\"color: #0000ff;\"><a style=\"color: #0000ff;\" href=\"tel:+36202227653\">+36 20 222 7653<\/a><\/span> (also available on Viber and WhatsApp), or by email at <span style=\"color: #0000ff;\"><a style=\"color: #0000ff;\" href=\"mailto:mail@interlanguage.info\" target=\"_blank\" rel=\"noopener\">mail@interlanguage.info<\/a>.<\/span> Following your enrolment, our course coordination team will contact you and begin preparing the selected training programme.<\/p>\n<p dir=\"ltr\"><strong><img loading=\"lazy\" class=\"alignnone size-full wp-image-3280\" src=\"https:\/\/www.interlanguage.hu\/english\/wp-content\/uploads\/Kepernyokep-2026-02-17-160452.png\" alt=\"\" width=\"745\" height=\"497\" srcset=\"https:\/\/www.interlanguage.hu\/english\/wp-content\/uploads\/Kepernyokep-2026-02-17-160452.png 745w, https:\/\/www.interlanguage.hu\/english\/wp-content\/uploads\/Kepernyokep-2026-02-17-160452-300x200.png 300w\" sizes=\"(max-width: 745px) 100vw, 745px\" \/><\/strong><\/p>\n<p dir=\"ltr\"><strong>About Slovak language and culture<\/strong><\/p>\n<p>With more than 2,400 caves and over 1,300 mineral springs, Slovakia is home to seven UNESCO World Heritage Sites. Bratislava, the nation\u2019s capital, holds a unique distinction \u2014 it is the only capital city in the world whose metropolitan area borders two foreign countries.<\/p>\n<p>Slovak, or <i>sloven\u010dina<\/i>, is the official language of Slovakia and is also recognized among the official languages of the Autonomous Province of Vojvodina. The language is spoken natively by approximately 5.2 million people.<\/p>\n<p>\u201cPova\u017euj ka\u017ed\u00fd de\u0148 ako svoj najlep\u0161i!\u201d \u2013 \u201cConsider every day as your best one!\u201d says a well-known Slovak proverb.<\/p>\n<p>Slovakia also has its own version of Robin Hood. According to legend, Juraj J\u00e1no\u0161\u00edk became famous for robbing the rich and giving the spoils to the poor. Among Slovakia\u2019s many notable figures stands Daniela Hantuchov\u00e1, the now-retired tennis star who won the first of her five WTA titles in 2002, the same year she reached the quarterfinals at both the US Open and Wimbledon \u2014 all at the age of just 19.<\/p>\n<p>A traditional Slovak dish, kapustnica, is a delicious cabbage soup typically served during Christmas festivities. However, thanks to its rich and hearty flavor, it is cherished and enjoyed throughout the entire year.<\/p>\n<p><img loading=\"lazy\" class=\"alignnone size-full wp-image-3281\" src=\"https:\/\/www.interlanguage.hu\/english\/wp-content\/uploads\/Kepernyokep-2026-02-17-160430.png\" alt=\"\" width=\"747\" height=\"500\" srcset=\"https:\/\/www.interlanguage.hu\/english\/wp-content\/uploads\/Kepernyokep-2026-02-17-160430.png 747w, https:\/\/www.interlanguage.hu\/english\/wp-content\/uploads\/Kepernyokep-2026-02-17-160430-300x201.png 300w\" sizes=\"(max-width: 747px) 100vw, 747px\" \/><\/p>\n<\/div>\n<\/div>","protected":false},"excerpt":{"rendered":"<p>Slovak courses online or in classroomOur online trainings are held on a digital platform agreed with the participant(s).Our classroom trainings &hellip; <\/p>\n","protected":false},"author":1,"featured_media":0,"parent":0,"menu_order":0,"comment_status":"closed","ping_status":"closed","template":"","meta":{"om_disable_all_campaigns":false,"_monsterinsights_skip_tracking":false,"_monsterinsights_sitenote_active":false,"_monsterinsights_sitenote_note":"","_monsterinsights_sitenote_category":0,"_uf_show_specific_survey":0,"_uf_disable_surveys":false},"aioseo_notices":[],"_links":{"self":[{"href":"https:\/\/www.interlanguage.hu\/english\/wp-json\/wp\/v2\/pages\/159"}],"collection":[{"href":"https:\/\/www.interlanguage.hu\/english\/wp-json\/wp\/v2\/pages"}],"about":[{"href":"https:\/\/www.interlanguage.hu\/english\/wp-json\/wp\/v2\/types\/page"}],"author":[{"embeddable":true,"href":"https:\/\/www.interlanguage.hu\/english\/wp-json\/wp\/v2\/users\/1"}],"replies":[{"embeddable":true,"href":"https:\/\/www.interlanguage.hu\/english\/wp-json\/wp\/v2\/comments?post=159"}],"version-history":[{"count":28,"href":"https:\/\/www.interlanguage.hu\/english\/wp-json\/wp\/v2\/pages\/159\/revisions"}],"predecessor-version":[{"id":3283,"href":"https:\/\/www.interlanguage.hu\/english\/wp-json\/wp\/v2\/pages\/159\/revisions\/3283"}],"wp:attachment":[{"href":"https:\/\/www.interlanguage.hu\/english\/wp-json\/wp\/v2\/media?parent=159"}],"curies":[{"name":"wp","href":"https:\/\/api.w.org\/{rel}","templated":true}]}}