{"id":16,"date":"2017-05-30T14:50:44","date_gmt":"2017-05-30T14:50:44","guid":{"rendered":"http:\/\/www.interlanguage.hu\/english\/?page_id=16"},"modified":"2026-02-13T14:04:48","modified_gmt":"2026-02-13T14:04:48","slug":"hungarian-language-course","status":"publish","type":"page","link":"https:\/\/www.interlanguage.hu\/english\/hungarian-language-course\/","title":{"rendered":"Hungarian Language Course"},"content":{"rendered":"<div class=\"wp-block-image\">\n<figure class=\"aligncenter size-large\" id=\"Magyar-v\u00e1ros,-szobor,-Budapest\"><img src=\"https:\/\/www.interlanguage.hu\/english\/wp-content\/uploads\/magyar-1024x681.jpg\" alt=\"\" class=\"wp-image-1949\"\/><\/figure><\/div>\n\n\n<p>IN HUNGARIAN: https:\/\/www.interlanguage.hu\/magyar-nyelvtanfolyam\/<\/p>\n\n\n<p style=\"text-align: justify;\"><strong><span lang=\"en\">Hungarian courses online or in classroom<br \/><\/span><\/strong><span lang=\"en\"><strong>Our online trainings<\/strong> are held on a digital platform agreed with the participant(s).<br \/><\/span><span lang=\"en\"><strong>Our classroom trainings<\/strong> take place in the center of Budapes at our language school. <\/span><\/p>\n<p id=\"tw-target-text\" class=\"tw-data-text tw-text-large XcVN5d tw-ta\" dir=\"ltr\" style=\"text-align: justify;\" data-placeholder=\"Ford\u00edt\u00e1s\"><span lang=\"en\"><strong>Course start:<\/strong> <strong>continuously throughout the year<\/strong><br \/>We start our Hungarian group language courses throughout the year depending on the number of applicants.<br \/>Our individual Hungarian courses start within one week of registration.<\/span><\/p>\n<p id=\"tw-target-text\" class=\"tw-data-text tw-text-large XcVN5d tw-ta\" dir=\"ltr\" style=\"text-align: justify;\" data-placeholder=\"Ford\u00edt\u00e1s\"><span lang=\"en\"><strong>Individual and small group courses<\/strong><br \/>Our Hungarian language courses take place within the framework of individual and small group courses (groups of 2 and 3-4 participants).<\/span><\/p>\n<p dir=\"ltr\" style=\"text-align: justify;\" data-placeholder=\"Ford\u00edt\u00e1s\"><strong>Number of\u00a0 lessons<br \/><\/strong><span lang=\"en\">The number of lessons for an Hungarian language course module is 24 lessons (24 x 45 minutes) for a group course.<br \/><\/span><\/p>\n<p id=\"tw-target-text\" class=\"tw-data-text tw-text-large XcVN5d tw-ta\" dir=\"ltr\" style=\"text-align: justify;\" data-placeholder=\"Ford\u00edt\u00e1s\"><span lang=\"en\">In the case of an individual Hungarian course, the total number of lessons is flexible, it will be determined according to the request of the participant.<br \/><\/span><\/p>\n<p id=\"tw-target-text\" class=\"tw-data-text tw-text-large XcVN5d tw-ta\" dir=\"ltr\" style=\"text-align: justify;\" data-placeholder=\"Ford\u00edt\u00e1s\"><strong>Course schedule<br \/><\/strong><span lang=\"en\">The course schedule for the Hungarian language courses is always tailored to the needs of the participant(s). This applies to both our individual and small group courses.<\/span><\/p>\n<p dir=\"ltr\" style=\"text-align: justify;\" data-placeholder=\"Ford\u00edt\u00e1s\"><strong>Levels: <\/strong><strong>from beginner to Advanced (C1)<br \/><\/strong><span lang=\"en\">We offer Hungarian language courses from beginner to advanced at the following levels:<br \/>A1, A2, A2+, B1, B1+, B2, B2+, C1, C1+<br \/><\/span><\/p>\n<p dir=\"ltr\" style=\"text-align: justify;\" data-placeholder=\"Ford\u00edt\u00e1s\"><strong>Preliminary assessment test<br \/><\/strong><span lang=\"en\">For non-beginners, Hungarian language courses are preceded by a test to assess the current language knowledge of the participant.<br \/><\/span><\/p>\n<p dir=\"ltr\" data-placeholder=\"Ford\u00edt\u00e1s\"><img loading=\"lazy\" class=\"alignnone size-full wp-image-2866\" src=\"https:\/\/www.interlanguage.hu\/english\/wp-content\/uploads\/shutterstock_428813281-scaled.jpg\" alt=\"\" width=\"2250\" height=\"2560\" srcset=\"https:\/\/www.interlanguage.hu\/english\/wp-content\/uploads\/shutterstock_428813281-scaled.jpg 2250w, https:\/\/www.interlanguage.hu\/english\/wp-content\/uploads\/shutterstock_428813281-264x300.jpg 264w, https:\/\/www.interlanguage.hu\/english\/wp-content\/uploads\/shutterstock_428813281-900x1024.jpg 900w, https:\/\/www.interlanguage.hu\/english\/wp-content\/uploads\/shutterstock_428813281-768x874.jpg 768w, https:\/\/www.interlanguage.hu\/english\/wp-content\/uploads\/shutterstock_428813281-1350x1536.jpg 1350w, https:\/\/www.interlanguage.hu\/english\/wp-content\/uploads\/shutterstock_428813281-1800x2048.jpg 1800w\" sizes=\"(max-width: 2250px) 100vw, 2250px\" \/><\/p>\n<p dir=\"ltr\" style=\"text-align: justify;\" data-placeholder=\"Ford\u00edt\u00e1s\"><strong>Professional and special Hungarian courses<br \/><\/strong><span lang=\"en\">Among our Hungarian language courses, our language school also offers professional language and special Hungarian courses, including: <\/span><\/p>\n<p dir=\"ltr\" data-placeholder=\"Ford\u00edt\u00e1s\">Professional Hungarian language courses:<\/p>\n<ul>\n<li dir=\"ltr\" data-placeholder=\"Ford\u00edt\u00e1s\">medical\/healthcare Hungarian courses<\/li>\n<li id=\"tw-target-text\" class=\"tw-data-text tw-text-large XcVN5d tw-ta\" dir=\"ltr\" data-placeholder=\"Ford\u00edt\u00e1s\"><span lang=\"en\">business, economy, commercial, engineering, catering industry<br \/><\/span><\/li>\n<\/ul>\n<p>Special Hungarian trainings:<\/p>\n<ul>\n<li id=\"tw-target-text\" class=\"tw-data-text tw-text-large XcVN5d tw-ta\" dir=\"ltr\" data-placeholder=\"Ford\u00edt\u00e1s\"><span lang=\"en\">Hungarian language exam preparation course <\/span><\/li>\n<li class=\"tw-data-text tw-text-large XcVN5d tw-ta\" dir=\"ltr\" data-placeholder=\"Ford\u00edt\u00e1s\"><span lang=\"en\">Hungarian language course for university studies<\/span><\/li>\n<li class=\"tw-data-text tw-text-large XcVN5d tw-ta\" dir=\"ltr\" data-placeholder=\"Ford\u00edt\u00e1s\">preparatory course for an Hungarian job interview<\/li>\n<li dir=\"ltr\" data-placeholder=\"Ford\u00edt\u00e1s\">preparatory course for the Hungarian citizenship exam<\/li>\n<li class=\"tw-data-text tw-text-large XcVN5d tw-ta\" dir=\"ltr\" data-placeholder=\"Ford\u00edt\u00e1s\"><span lang=\"en\">tourist language course for travelers to Hungary<\/span><\/li>\n<li>country studies about Hungary<\/li>\n<li>intercultural training<\/li>\n<\/ul>\n<div class=\"oSioSc\">\n<div id=\"tw-target\">\n<div id=\"kAz1tf\" class=\"g9WsWb\">\n<div id=\"tw-target-text-container\" class=\"tw-ta-container hide-focus-ring tw-nfl\" tabindex=\"0\">\n<p id=\"tw-target-text\" class=\"tw-data-text tw-text-large XcVN5d tw-ta\" dir=\"ltr\" style=\"text-align: justify;\" data-placeholder=\"Ford\u00edt\u00e1s\"><span lang=\"en\"><strong>International groups and individual courses for language learners from all around the world<\/strong><br \/>Our Hungarian language courses are regularly attended by international students.<br \/><\/span><span lang=\"en\">In this case, the language of instruction will be chosen in agreement with the participant(s), for example, the lesson may be taught in Spanish, German, etc.<br \/><\/span><\/p>\n<p dir=\"ltr\" style=\"text-align: justify;\" data-placeholder=\"Ford\u00edt\u00e1s\">Upon request we also offer the possibility that the language of instruction during the language courses are in the target language (Hungarian).<\/p>\n<\/div>\n<\/div>\n<\/div>\n<\/div>\n<div id=\"tw-target-rmn-container\" class=\"tw-ta-container hide-focus-ring tw-nfl\">\n<p id=\"tw-target-text\" class=\"tw-data-text tw-text-large XcVN5d tw-ta\" dir=\"ltr\" style=\"text-align: justify;\" data-placeholder=\"Ford\u00edt\u00e1s\"><span lang=\"en\"><strong>Corporate Hungarian courses<br \/><\/strong>We also organize Hungarian language training within the framework of corporate language courses. <\/span><\/p>\n<div id=\"tw-target-text-container\" class=\"tw-ta-container hide-focus-ring tw-nfl\" tabindex=\"0\">\n<p id=\"tw-target-text\" class=\"tw-data-text tw-text-large XcVN5d tw-ta\" dir=\"ltr\" style=\"text-align: justify;\" data-placeholder=\"Ford\u00edt\u00e1s\"><span lang=\"en\"> Learn Hungarian with us and enjoy the benefits of your improved language skills in your conversations with your friends, on your travels, at work or during your business meetings!<\/span><\/p>\n<\/div>\n<\/div>\n<p><strong>PRACTICAL GUIDE TO HUNGARY<\/strong><\/p>\n<p><b>Which service providers can you communicate with in English?<\/b> (foreign and Hungarian service sectors, the cost of services)<\/p>\n<p><b>What should you do in Hungary when you have a free day\/weekend? <\/b><\/p>\n<p><b>Where and how should you travel?<\/b> (sights, things to do in Budapest, Hungary)<\/p>\n<p><b>What are the curiosities of Budapest\/Hungary?<\/b> (specialties of Budapest\/Hungary)<\/p>\n<p><b>How can you stay healthy?<\/b> (sports facilities and hiking routes, healthy eating in Hungary)<br \/><b>What should you do if you are ill?<\/b> (healthcare services for foreigners in Hungary)<\/p>\n<p>If you want to make your life easier here in Hungary, if you want to have credible and reliable information in relation to the above mentioned issues or if you have any further questions in connection with your stay in Hungary, come to our 1-day training session<\/p>\n<p>The <b>language of the training <\/b>is flexible: Hungarian or English.<\/p>\n<p>The price includes the tuition fee and the training script.<\/p>\n<p><strong>GUIDE TO HUNGARIAN CULTURE<\/strong><\/p>\n<ul>\n<li>If you would like to<b> learn Hungarian<\/b> but you have not yet decided to start \u2013 or <b>if you are already learning Hungarian <\/b>but you would like to know more about the particularities of Hungarian language,<\/li>\n<li>If you would like to learn more about the <b>history of Hungary<\/b>, if you would like to know why the bells ring every day at noon in Hungary,<\/li>\n<li>If you are interested in <b>Hungarian traditions, habits,<\/b> if you want to know why we paint red eggs at Easter<\/li>\n<li>If you would like to read <b>Hungarian literature,<\/b> to go to <b>art exhibitions<\/b> or listen to <b>music<\/b> composed by Hungarian composers,<\/li>\n<li>If you would like to know how <b>Hollywood<\/b> is related to <b>Hungarians<\/b>,<\/li>\n<li>If you are curious to know which of the <b>objects you use<\/b> were invented by Hungarians,<\/li>\n<li>If you want to take a <b>gift<\/b> home but cannot decide what is considered a <b>Hungaricum<\/b>, what is authentic and what is not,<\/li>\n<\/ul>\n<p>The <b>language of the training is flexible:<\/b> Hungarian or English.<\/p>\n<p><strong>Application<\/strong><\/p>\n<p dir=\"ltr\">You can apply for our courses in person at our customer service office, by phone, or by email from Monday to Thursday between 10:00 a.m. and 5:00 p.m., and on Fridays between 10:00 a.m. and 4:00 p.m.<br \/>Should you wish to visit us in person, our office is conveniently located in the city centre at <span style=\"color: #0000ff;\"><a style=\"color: #0000ff;\" href=\"https:\/\/maps.app.goo.gl\/6wgs3UwBM5MnD17f7\">1056 Budapest, V\u00e1ci Street 47.<\/a><\/span><\/p>\n<p dir=\"ltr\">You can reach us by phone at <span style=\"color: #0000ff;\"><a style=\"color: #0000ff;\" href=\"tel:+36203404411\">+36 20 340 4411<\/a><\/span> or <span style=\"color: #0000ff;\"><a style=\"color: #0000ff;\" href=\"tel:+36202227653\">+36 20 222 7653<\/a><\/span> (also available on Viber and WhatsApp), or by email at<span style=\"color: #0000ff;\"> <a style=\"color: #0000ff;\" href=\"mailto:mail@interlanguage.info\" target=\"_blank\" rel=\"noopener\">mail@interlanguage.info<\/a>.<\/span> Following your enrolment, our course coordination team will contact you and begin preparing the selected training programme.<\/p>\n\n\n<div dir=\"ltr\">\n<div dir=\"ltr\">\u00a0<\/div>\n<\/div>\n<div dir=\"ltr\"><b style=\"color: initial;\">About Hungarian language and culture<\/b><\/div>\n<div dir=\"ltr\">\n<div dir=\"ltr\">\n<p><span style=\"font-weight: 400;\">The Hungarian language \u2013 or simply <\/span><i><span style=\"font-weight: 400;\">magyar<\/span><\/i><span style=\"font-weight: 400;\"> in Hungarian \u2013 occupies a distinctive place among the world\u2019s tongues. As a member of the Finno-Ugric language family, its structure differs markedly from Indo-European languages. With its complex system of conjugation and a 44-letter alphabet, it is often regarded as one of the most difficult languages to master. Around 13 million people speak Hungarian as their mother tongue, primarily in Hungary, but also within the Carpathian Basin and across diaspora communities worldwide. Its agglutinative nature, extensive system of vowels, and the absence of grammatical gender make it especially unique.<\/span><\/p>\n<p><img loading=\"lazy\" class=\"alignnone size-full wp-image-2870\" src=\"https:\/\/www.interlanguage.hu\/english\/wp-content\/uploads\/shutterstock_2619955003-scaled.jpg\" alt=\"\" width=\"2560\" height=\"1917\" srcset=\"https:\/\/www.interlanguage.hu\/english\/wp-content\/uploads\/shutterstock_2619955003-scaled.jpg 2560w, https:\/\/www.interlanguage.hu\/english\/wp-content\/uploads\/shutterstock_2619955003-300x225.jpg 300w, https:\/\/www.interlanguage.hu\/english\/wp-content\/uploads\/shutterstock_2619955003-1024x767.jpg 1024w, https:\/\/www.interlanguage.hu\/english\/wp-content\/uploads\/shutterstock_2619955003-768x575.jpg 768w, https:\/\/www.interlanguage.hu\/english\/wp-content\/uploads\/shutterstock_2619955003-1536x1150.jpg 1536w, https:\/\/www.interlanguage.hu\/english\/wp-content\/uploads\/shutterstock_2619955003-2048x1534.jpg 2048w\" sizes=\"(max-width: 2560px) 100vw, 2560px\" \/><\/p>\n<p><span style=\"font-weight: 400;\">Generations of people of Hungarian origin have left an indelible mark on global culture and science. In Hollywood, illustrious names such as Paul Newman, Tony Curtis, Zsa Zsa Gabor, B\u00e9la Lugosi, Mariska Hargitay, and Adrien Brody bear witness to Hungarian heritage. Two giants of the film industry \u2013 Paramount Pictures (founded by Adolph Zukor) and 20th Century Fox (established by William Fox, born Vilmos Fried) \u2013 also trace their roots back to Hungary. Hungarian cinema itself has produced remarkable achievements: Istv\u00e1n Szab\u00f3\u2019s <\/span><i><span style=\"font-weight: 400;\">Mephisto<\/span><\/i><span style=\"font-weight: 400;\"> and L\u00e1szl\u00f3 Nemes Jeles\u2019s <\/span><i><span style=\"font-weight: 400;\">Son of Saul<\/span><\/i><span style=\"font-weight: 400;\"> both won Academy Awards, while domestic classics like <\/span><i><span style=\"font-weight: 400;\">The Witness<\/span><\/i><span style=\"font-weight: 400;\"> and <\/span><i><span style=\"font-weight: 400;\">Merry-Go-Round<\/span><\/i><span style=\"font-weight: 400;\"> have shaped generations.<\/span><\/p>\n<p><span style=\"font-weight: 400;\">In science and invention, Hungary\u2019s contributions are equally significant. Ern\u0151 Rubik\u2019s world-renowned Rubik\u2019s Cube is among the best-selling puzzle games of all time. Albert Szent-Gy\u00f6rgyi first isolated vitamin C from Hungarian paprika, earning a Nobel Prize. From innovations in ballpoint pens to breakthroughs in the automotive industry, Hungarian researchers and engineers have enriched modern life across the globe.<\/span><\/p>\n<p><span style=\"font-weight: 400;\">Hungarian literature and poetry form the cornerstone of national identity. The works of S\u00e1ndor Pet\u0151fi, Mih\u00e1ly V\u00f6r\u00f6smarty, Endre Ady, and Attila J\u00f3zsef not only shaped Hungarian cultural life but also became part of the universal literary heritage. Poetry remains central to education: Hungarian students are still expected to learn and recite the most important poems by heart. On the stage, Zolt\u00e1n Latinovits is remembered for revitalizing Hungarian performance art, especially through his masterful interpretation of poetry.<\/span><\/p>\n<p><img loading=\"lazy\" class=\"alignnone size-full wp-image-2869\" src=\"https:\/\/www.interlanguage.hu\/english\/wp-content\/uploads\/shutterstock_2179955937-scaled.jpg\" alt=\"\" width=\"2560\" height=\"1707\" srcset=\"https:\/\/www.interlanguage.hu\/english\/wp-content\/uploads\/shutterstock_2179955937-scaled.jpg 2560w, https:\/\/www.interlanguage.hu\/english\/wp-content\/uploads\/shutterstock_2179955937-300x200.jpg 300w, https:\/\/www.interlanguage.hu\/english\/wp-content\/uploads\/shutterstock_2179955937-1024x683.jpg 1024w, https:\/\/www.interlanguage.hu\/english\/wp-content\/uploads\/shutterstock_2179955937-768x512.jpg 768w, https:\/\/www.interlanguage.hu\/english\/wp-content\/uploads\/shutterstock_2179955937-1536x1024.jpg 1536w, https:\/\/www.interlanguage.hu\/english\/wp-content\/uploads\/shutterstock_2179955937-2048x1365.jpg 2048w\" sizes=\"(max-width: 2560px) 100vw, 2560px\" \/><\/p>\n<\/div>\n<\/div>\n\n\n\n<p>The richness of Hungarian culture extends to its culinary traditions. Dishes such as <em>guly\u00e1s<\/em>, <em>p\u00f6rk\u00f6lt<\/em>, <em>l\u00e1ngos<\/em>, and <em>pog\u00e1csa<\/em> are known worldwide, while <em>f\u0151zel\u00e9k<\/em> \u2013 a uniquely Hungarian thickened vegetable dish \u2013 stands out as a true specialty. Meals often begin with soup, of which there are countless varieties, from liver dumpling soup to egg soup.<\/p>\n\n\n\n<p>The Hungarian language, culture, and history are important not only for their uniqueness but also for the enduring contributions they have given the world \u2013 in art, science, cinema, and gastronomy alike.<\/p>\n\n\n\n<figure class=\"wp-block-image size-large\" id=\"Magyar-t\u00f3,-naplemente,-Balaton\"><img loading=\"lazy\" width=\"1024\" height=\"683\" src=\"https:\/\/www.interlanguage.hu\/english\/wp-content\/uploads\/shutterstock_1354357148-1024x683.jpg\" alt=\"\" class=\"wp-image-2871\" srcset=\"https:\/\/www.interlanguage.hu\/english\/wp-content\/uploads\/shutterstock_1354357148-1024x683.jpg 1024w, https:\/\/www.interlanguage.hu\/english\/wp-content\/uploads\/shutterstock_1354357148-300x200.jpg 300w, https:\/\/www.interlanguage.hu\/english\/wp-content\/uploads\/shutterstock_1354357148-768x512.jpg 768w, https:\/\/www.interlanguage.hu\/english\/wp-content\/uploads\/shutterstock_1354357148-1536x1024.jpg 1536w, https:\/\/www.interlanguage.hu\/english\/wp-content\/uploads\/shutterstock_1354357148-2048x1365.jpg 2048w\" sizes=\"(max-width: 1024px) 100vw, 1024px\" \/><\/figure>\n","protected":false},"excerpt":{"rendered":"<p>IN HUNGARIAN: https:\/\/www.interlanguage.hu\/magyar-nyelvtanfolyam\/ Hungarian courses online or in classroomOur online trainings are held on a digital platform agreed with the &hellip; <\/p>\n","protected":false},"author":1,"featured_media":0,"parent":0,"menu_order":0,"comment_status":"closed","ping_status":"closed","template":"","meta":{"om_disable_all_campaigns":false,"_monsterinsights_skip_tracking":false,"_monsterinsights_sitenote_active":false,"_monsterinsights_sitenote_note":"","_monsterinsights_sitenote_category":0,"_uf_show_specific_survey":0,"_uf_disable_surveys":false},"aioseo_notices":[],"_links":{"self":[{"href":"https:\/\/www.interlanguage.hu\/english\/wp-json\/wp\/v2\/pages\/16"}],"collection":[{"href":"https:\/\/www.interlanguage.hu\/english\/wp-json\/wp\/v2\/pages"}],"about":[{"href":"https:\/\/www.interlanguage.hu\/english\/wp-json\/wp\/v2\/types\/page"}],"author":[{"embeddable":true,"href":"https:\/\/www.interlanguage.hu\/english\/wp-json\/wp\/v2\/users\/1"}],"replies":[{"embeddable":true,"href":"https:\/\/www.interlanguage.hu\/english\/wp-json\/wp\/v2\/comments?post=16"}],"version-history":[{"count":44,"href":"https:\/\/www.interlanguage.hu\/english\/wp-json\/wp\/v2\/pages\/16\/revisions"}],"predecessor-version":[{"id":3217,"href":"https:\/\/www.interlanguage.hu\/english\/wp-json\/wp\/v2\/pages\/16\/revisions\/3217"}],"wp:attachment":[{"href":"https:\/\/www.interlanguage.hu\/english\/wp-json\/wp\/v2\/media?parent=16"}],"curies":[{"name":"wp","href":"https:\/\/api.w.org\/{rel}","templated":true}]}}