{"id":48,"date":"2017-05-31T12:55:36","date_gmt":"2017-05-31T12:55:36","guid":{"rendered":"http:\/\/www.interlanguage.hu\/english\/?page_id=48"},"modified":"2026-01-27T11:19:16","modified_gmt":"2026-01-27T11:19:16","slug":"croatian-language-course","status":"publish","type":"page","link":"https:\/\/www.interlanguage.hu\/english\/croatian-language-course\/","title":{"rendered":"Croatian Language Course"},"content":{"rendered":"<div class=\"wp-block-image\">\n<figure class=\"aligncenter size-large\" id=\"Croatia-beach\"><img src=\"https:\/\/www.interlanguage.hu\/english\/wp-content\/uploads\/morgan-ohoBiu7_KNc-unsplash-1024x683.jpg\" alt=\"\" class=\"wp-image-1909\"\/><\/figure><\/div>\n\n<p style=\"text-align: justify;\"><strong><span lang=\"en\">Croatian courses online or in classroom<br \/><\/span><\/strong><span lang=\"en\"><strong>Our online trainings<\/strong> are held on a digital platform agreed with the participant(s).<br \/><\/span><span lang=\"en\"><strong>Our classroom trainings<\/strong> take place in the center of Budapes at our language school. <\/span><\/p>\n<p id=\"tw-target-text\" class=\"tw-data-text tw-text-large XcVN5d tw-ta\" dir=\"ltr\" style=\"text-align: justify;\" data-placeholder=\"Ford\u00edt\u00e1s\"><span lang=\"en\"><strong>Course start:<\/strong> <strong>continuously throughout the year<\/strong><br \/>We start our Croatian group language courses throughout the year depending on the number of applicants.<br \/>Our individual Croatian courses start within one week of registration.<\/span><\/p>\n<p id=\"tw-target-text\" class=\"tw-data-text tw-text-large XcVN5d tw-ta\" dir=\"ltr\" style=\"text-align: justify;\" data-placeholder=\"Ford\u00edt\u00e1s\"><span lang=\"en\"><strong>Individual and small group courses<\/strong><br \/>Our Croatian language courses take place within the framework of individual and small group courses (groups of 2 and 3-4 participants).<\/span><\/p>\n<p dir=\"ltr\" style=\"text-align: justify;\" data-placeholder=\"Ford\u00edt\u00e1s\"><strong>Number of\u00a0 lessons<br \/><\/strong><span lang=\"en\">The number of lessons for an Croatian language course module is 24 lessons (24 x 45 minutes) for a group course.<br \/><\/span><\/p>\n<p id=\"tw-target-text\" class=\"tw-data-text tw-text-large XcVN5d tw-ta\" dir=\"ltr\" style=\"text-align: justify;\" data-placeholder=\"Ford\u00edt\u00e1s\"><span lang=\"en\">In the case of an individual Croatian course, the total number of lessons is flexible, it will be determined according to the request of the participant.<br \/><\/span><\/p>\n<p id=\"tw-target-text\" class=\"tw-data-text tw-text-large XcVN5d tw-ta\" dir=\"ltr\" style=\"text-align: justify;\" data-placeholder=\"Ford\u00edt\u00e1s\"><strong>Course schedule<br \/><\/strong><span lang=\"en\">The course schedule for the Croatian language courses is always tailored to the needs of the participant(s). This applies to both our individual and small group courses.<\/span><\/p>\n<p dir=\"ltr\" style=\"text-align: justify;\" data-placeholder=\"Ford\u00edt\u00e1s\"><strong>Levels: <\/strong><strong>from beginner to Advanced (C1)<br \/><\/strong><span lang=\"en\">We offer Croatian language courses from beginner to advanced at the following levels:<br \/>A1, A2, A2+, B1, B1+, B2, B2+, C1<br \/><\/span><\/p>\n<p dir=\"ltr\" style=\"text-align: justify;\" data-placeholder=\"Ford\u00edt\u00e1s\"><strong>Preliminary assessment test<br \/><\/strong><span lang=\"en\">For non-beginners, Croatian language courses are preceded by a test to assess the current language knowledge of the participant.<br \/><\/span><\/p>\n<p dir=\"ltr\" data-placeholder=\"Ford\u00edt\u00e1s\"><img loading=\"lazy\" class=\"alignnone size-full wp-image-2886\" src=\"https:\/\/www.interlanguage.hu\/english\/wp-content\/uploads\/shutterstock_2556600055-scaled.jpg\" alt=\"\" width=\"2560\" height=\"1707\" srcset=\"https:\/\/www.interlanguage.hu\/english\/wp-content\/uploads\/shutterstock_2556600055-scaled.jpg 2560w, https:\/\/www.interlanguage.hu\/english\/wp-content\/uploads\/shutterstock_2556600055-300x200.jpg 300w, https:\/\/www.interlanguage.hu\/english\/wp-content\/uploads\/shutterstock_2556600055-1024x683.jpg 1024w, https:\/\/www.interlanguage.hu\/english\/wp-content\/uploads\/shutterstock_2556600055-768x512.jpg 768w, https:\/\/www.interlanguage.hu\/english\/wp-content\/uploads\/shutterstock_2556600055-1536x1024.jpg 1536w, https:\/\/www.interlanguage.hu\/english\/wp-content\/uploads\/shutterstock_2556600055-2048x1365.jpg 2048w\" sizes=\"(max-width: 2560px) 100vw, 2560px\" \/><\/p>\n<p dir=\"ltr\" data-placeholder=\"Ford\u00edt\u00e1s\"><strong>Professional and special Croatian courses<br \/><\/strong><span lang=\"en\">Among our Croatian language courses, we also offer professional language and special Croatian courses, including: <\/span><\/p>\n<p dir=\"ltr\" data-placeholder=\"Ford\u00edt\u00e1s\">Professional Croatian language courses:<\/p>\n<ul>\n<li id=\"tw-target-text\" class=\"tw-data-text tw-text-large XcVN5d tw-ta\" dir=\"ltr\" data-placeholder=\"Ford\u00edt\u00e1s\"><span lang=\"en\">business, economy, commercial, engineering, catering industry<br \/><\/span><\/li>\n<\/ul>\n<p>Special Croatian trainings:<\/p>\n<ul>\n<li id=\"tw-target-text\" class=\"tw-data-text tw-text-large XcVN5d tw-ta\" dir=\"ltr\" data-placeholder=\"Ford\u00edt\u00e1s\"><span lang=\"en\">Croatian language exam preparation course <\/span><\/li>\n<li class=\"tw-data-text tw-text-large XcVN5d tw-ta\" dir=\"ltr\" data-placeholder=\"Ford\u00edt\u00e1s\"><span lang=\"en\">Croatian language course for university studies<\/span><\/li>\n<li class=\"tw-data-text tw-text-large XcVN5d tw-ta\" dir=\"ltr\" data-placeholder=\"Ford\u00edt\u00e1s\"><span lang=\"en\">tourist language course for travelers to Croatian-speaking countries<\/span><\/li>\n<li>country studies about Croatia<\/li>\n<\/ul>\n<div class=\"oSioSc\">\n<div id=\"tw-target\">\n<div id=\"kAz1tf\" class=\"g9WsWb\">\n<div id=\"tw-target-text-container\" class=\"tw-ta-container hide-focus-ring tw-nfl\" tabindex=\"0\">\n<p id=\"tw-target-text\" class=\"tw-data-text tw-text-large XcVN5d tw-ta\" dir=\"ltr\" style=\"text-align: justify;\" data-placeholder=\"Ford\u00edt\u00e1s\"><span lang=\"en\"><strong>International groups and individual courses for language learners from all around the world<\/strong><br \/>Our Croatian language courses are regularly attended by international students.<br \/><\/span><span lang=\"en\">In this case, the language of instruction will be chosen in agreement with the participant(s), for example, the lesson may be taught in Spanish, German, etc.<br \/><\/span><\/p>\n<p dir=\"ltr\" style=\"text-align: justify;\" data-placeholder=\"Ford\u00edt\u00e1s\">Upon request we also offer the possibility that the language of instruction during the language courses are in the target language (Croatian).<\/p>\n<\/div>\n<\/div>\n<\/div>\n<\/div>\n<div id=\"tw-target-rmn-container\" class=\"tw-ta-container hide-focus-ring tw-nfl\">\n<p id=\"tw-target-text\" class=\"tw-data-text tw-text-large XcVN5d tw-ta\" dir=\"ltr\" style=\"text-align: justify;\" data-placeholder=\"Ford\u00edt\u00e1s\"><span lang=\"en\"><strong>Corporate Croatian courses<br \/><\/strong>We also organize Croatian language training within the framework of corporate language courses.<\/span><\/p>\n<p dir=\"ltr\" data-placeholder=\"Ford\u00edt\u00e1s\"><strong>Application<\/strong><\/p>\n<div id=\"tw-target-text-container\" class=\"tw-ta-container hide-focus-ring tw-nfl\" tabindex=\"0\">\n<p id=\"tw-target-text\" class=\"tw-data-text tw-text-large XcVN5d tw-ta\" dir=\"ltr\" style=\"text-align: justify;\" data-placeholder=\"Ford\u00edt\u00e1s\"><span lang=\"en\"> Learn Croatian at our language school and enjoy the benefits of your improved language skills in your conversations with your friends, on your travels, at work or during your business meetings!<\/span><\/p>\n<p dir=\"ltr\">You can apply for our courses in person at our customer service office, by phone, or by email from Monday to Thursday between 10:00 a.m. and 5:00 p.m., and on Fridays between 10:00 a.m. and 4:00 p.m.<br \/>Should you wish to visit us in person, our office is conveniently located in the city centre at <span style=\"color: #0000ff;\"><a style=\"color: #0000ff;\" href=\"https:\/\/maps.app.goo.gl\/6wgs3UwBM5MnD17f7\">1056 Budapest, V\u00e1ci Street 47.<\/a><\/span><\/p>\n<p dir=\"ltr\">You can reach us by phone at <span style=\"color: #0000ff;\"><a style=\"color: #0000ff;\" href=\"tel:+36203404411\">+36 20 340 4411<\/a><\/span> or <span style=\"color: #0000ff;\"><a style=\"color: #0000ff;\" href=\"tel:+36202227653\">+36 20 222 7653<\/a><\/span> (also available on Viber and WhatsApp), or by email at <span style=\"color: #0000ff;\"><a style=\"color: #0000ff;\" href=\"mailto:mail@interlanguage.info\" target=\"_blank\" rel=\"noopener\">mail@interlanguage.info<\/a>.<\/span> Following your enrolment, our course coordination team will contact you and begin preparing the selected training programme.<\/p>\n<p dir=\"ltr\" data-placeholder=\"Ford\u00edt\u00e1s\"><img loading=\"lazy\" class=\"alignnone size-full wp-image-2888\" src=\"https:\/\/www.interlanguage.hu\/english\/wp-content\/uploads\/shutterstock_2499811527-scaled.jpg\" alt=\"\" width=\"2560\" height=\"1440\" srcset=\"https:\/\/www.interlanguage.hu\/english\/wp-content\/uploads\/shutterstock_2499811527-scaled.jpg 2560w, https:\/\/www.interlanguage.hu\/english\/wp-content\/uploads\/shutterstock_2499811527-300x169.jpg 300w, https:\/\/www.interlanguage.hu\/english\/wp-content\/uploads\/shutterstock_2499811527-1024x576.jpg 1024w, https:\/\/www.interlanguage.hu\/english\/wp-content\/uploads\/shutterstock_2499811527-768x432.jpg 768w, https:\/\/www.interlanguage.hu\/english\/wp-content\/uploads\/shutterstock_2499811527-1536x864.jpg 1536w, https:\/\/www.interlanguage.hu\/english\/wp-content\/uploads\/shutterstock_2499811527-2048x1152.jpg 2048w\" sizes=\"(max-width: 2560px) 100vw, 2560px\" \/><\/p>\n<p><b>About Croatian language and culture<\/b><\/p>\n<p><span style=\"font-weight: 400;\">Croatian or hrvatski is the official language of the Republic of Croatia and is among the list of official languages in Bosnia and Herzegovina. Spoken natively by approximately 5 million people.<\/span><\/p>\n<p><span style=\"font-weight: 400;\">Did someone really say that it is only one week until Christmas Eve? That means that in only seven short days, families all over Croatia will be enjoying their traditional Kro\u0161tule and decorating their Christmas Trees with beautiful fruit shaped ornaments. The Croatian bo\u017ei\u0107no drvce used to be decorated with real fresh or candied fruit\u2026and the star of the show of course was always the decorated apple that was given to girls from their suitors as Christmas gifts. Badnji dan or Christmas Eve is derived from the word badnjak, a Yule log that is cut down in the morning and lit on the evening of December 24th and remains burning throughout Christmas Day.<\/span><\/p>\n<p><img loading=\"lazy\" class=\"alignnone size-full wp-image-2887\" src=\"https:\/\/www.interlanguage.hu\/english\/wp-content\/uploads\/shutterstock_2411053975-scaled.jpg\" alt=\"\" width=\"2560\" height=\"1440\" srcset=\"https:\/\/www.interlanguage.hu\/english\/wp-content\/uploads\/shutterstock_2411053975-scaled.jpg 2560w, https:\/\/www.interlanguage.hu\/english\/wp-content\/uploads\/shutterstock_2411053975-300x169.jpg 300w, https:\/\/www.interlanguage.hu\/english\/wp-content\/uploads\/shutterstock_2411053975-1024x576.jpg 1024w, https:\/\/www.interlanguage.hu\/english\/wp-content\/uploads\/shutterstock_2411053975-768x432.jpg 768w, https:\/\/www.interlanguage.hu\/english\/wp-content\/uploads\/shutterstock_2411053975-1536x864.jpg 1536w, https:\/\/www.interlanguage.hu\/english\/wp-content\/uploads\/shutterstock_2411053975-2048x1152.jpg 2048w\" sizes=\"(max-width: 2560px) 100vw, 2560px\" \/><\/p>\n<\/div>\n<\/div>","protected":false},"excerpt":{"rendered":"<p>Croatian courses online or in classroomOur online trainings are held on a digital platform agreed with the participant(s).Our classroom trainings &hellip; <\/p>\n","protected":false},"author":1,"featured_media":0,"parent":0,"menu_order":0,"comment_status":"closed","ping_status":"closed","template":"","meta":{"om_disable_all_campaigns":false,"_monsterinsights_skip_tracking":false,"_monsterinsights_sitenote_active":false,"_monsterinsights_sitenote_note":"","_monsterinsights_sitenote_category":0,"_uf_show_specific_survey":0,"_uf_disable_surveys":false},"aioseo_notices":[],"_links":{"self":[{"href":"https:\/\/www.interlanguage.hu\/english\/wp-json\/wp\/v2\/pages\/48"}],"collection":[{"href":"https:\/\/www.interlanguage.hu\/english\/wp-json\/wp\/v2\/pages"}],"about":[{"href":"https:\/\/www.interlanguage.hu\/english\/wp-json\/wp\/v2\/types\/page"}],"author":[{"embeddable":true,"href":"https:\/\/www.interlanguage.hu\/english\/wp-json\/wp\/v2\/users\/1"}],"replies":[{"embeddable":true,"href":"https:\/\/www.interlanguage.hu\/english\/wp-json\/wp\/v2\/comments?post=48"}],"version-history":[{"count":35,"href":"https:\/\/www.interlanguage.hu\/english\/wp-json\/wp\/v2\/pages\/48\/revisions"}],"predecessor-version":[{"id":3198,"href":"https:\/\/www.interlanguage.hu\/english\/wp-json\/wp\/v2\/pages\/48\/revisions\/3198"}],"wp:attachment":[{"href":"https:\/\/www.interlanguage.hu\/english\/wp-json\/wp\/v2\/media?parent=48"}],"curies":[{"name":"wp","href":"https:\/\/api.w.org\/{rel}","templated":true}]}}