{"id":51,"date":"2017-05-31T13:00:43","date_gmt":"2017-05-31T13:00:43","guid":{"rendered":"http:\/\/www.interlanguage.hu\/english\/?page_id=51"},"modified":"2026-02-16T16:41:23","modified_gmt":"2026-02-16T16:41:23","slug":"czech-language-course","status":"publish","type":"page","link":"https:\/\/www.interlanguage.hu\/english\/czech-language-course\/","title":{"rendered":"Czech Language Course"},"content":{"rendered":"\n<figure class=\"wp-block-image size-large\"><img loading=\"lazy\" width=\"1024\" height=\"419\" src=\"https:\/\/www.interlanguage.hu\/english\/wp-content\/uploads\/cseh-1-1024x419.jpg\" alt=\"\" class=\"wp-image-1802\" srcset=\"https:\/\/www.interlanguage.hu\/english\/wp-content\/uploads\/cseh-1-1024x419.jpg 1024w, https:\/\/www.interlanguage.hu\/english\/wp-content\/uploads\/cseh-1-300x123.jpg 300w, https:\/\/www.interlanguage.hu\/english\/wp-content\/uploads\/cseh-1-768x314.jpg 768w, https:\/\/www.interlanguage.hu\/english\/wp-content\/uploads\/cseh-1-1536x628.jpg 1536w, https:\/\/www.interlanguage.hu\/english\/wp-content\/uploads\/cseh-1.jpg 1920w\" sizes=\"(max-width: 1024px) 100vw, 1024px\" \/><\/figure>\n\n\n<p style=\"text-align: justify;\"><strong><span lang=\"en\">Czech courses online or in classroom<br \/><\/span><\/strong><span lang=\"en\"><strong>Our online trainings<\/strong> are held on a digital platform agreed with the participant(s).<br \/><\/span><span lang=\"en\"><strong>Our classroom trainings<\/strong> take place in the center of Budapes at our language school. <\/span><\/p>\n<p id=\"tw-target-text\" class=\"tw-data-text tw-text-large XcVN5d tw-ta\" dir=\"ltr\" style=\"text-align: justify;\" data-placeholder=\"Ford\u00edt\u00e1s\"><span lang=\"en\"><strong>Course start:<\/strong> <strong>continuously throughout the year<\/strong><br \/>We start our Czech group language courses throughout the year depending on the number of applicants.<br \/>Our individual Czech courses start within one week of registration.<\/span><\/p>\n<p id=\"tw-target-text\" class=\"tw-data-text tw-text-large XcVN5d tw-ta\" dir=\"ltr\" style=\"text-align: justify;\" data-placeholder=\"Ford\u00edt\u00e1s\"><span lang=\"en\"><strong>Individual and small group courses<\/strong><br \/>Our Czech language courses take place within the framework of individual and small group courses (groups of 2 and 3-4 participants).<\/span><\/p>\n<p dir=\"ltr\" style=\"text-align: justify;\" data-placeholder=\"Ford\u00edt\u00e1s\"><strong>Number of\u00a0 lessons<br \/><\/strong><span lang=\"en\">The number of lessons for an Czech language course module is 24 lessons (24 x 45 minutes) for a group course.<br \/><\/span><\/p>\n<p id=\"tw-target-text\" class=\"tw-data-text tw-text-large XcVN5d tw-ta\" dir=\"ltr\" style=\"text-align: justify;\" data-placeholder=\"Ford\u00edt\u00e1s\"><span lang=\"en\">In the case of an individual Czech course, the total number of lessons is flexible, it will be determined according to the request of the participant.<br \/><\/span><\/p>\n<p id=\"tw-target-text\" class=\"tw-data-text tw-text-large XcVN5d tw-ta\" dir=\"ltr\" style=\"text-align: justify;\" data-placeholder=\"Ford\u00edt\u00e1s\"><strong>Course schedule<br \/><\/strong><span lang=\"en\">The course schedule for the Czech language courses is always tailored to the needs of the participant(s). This applies to both our individual and small group courses.<\/span><\/p>\n<p dir=\"ltr\" style=\"text-align: justify;\" data-placeholder=\"Ford\u00edt\u00e1s\"><strong>Levels: <\/strong><strong>from beginner to Advanced (C1)<br \/><\/strong><span lang=\"en\">We offer Czech language courses from beginner to advanced at the following levels:<br \/>A1, A2, A2+, B1, B1+, B2, B2+, C1<br \/><\/span><\/p>\n<p dir=\"ltr\" style=\"text-align: justify;\" data-placeholder=\"Ford\u00edt\u00e1s\"><strong>Preliminary assessment test<br \/><\/strong><span lang=\"en\">For non-beginners, Czech language courses are preceded by a test to assess the current language knowledge of the participant.<br \/><\/span><\/p>\n<p dir=\"ltr\" data-placeholder=\"Ford\u00edt\u00e1s\"><img loading=\"lazy\" class=\"alignnone size-full wp-image-2946\" src=\"https:\/\/www.interlanguage.hu\/english\/wp-content\/uploads\/shutterstock_1093433234-scaled.jpg\" alt=\"\" width=\"2560\" height=\"1707\" srcset=\"https:\/\/www.interlanguage.hu\/english\/wp-content\/uploads\/shutterstock_1093433234-scaled.jpg 2560w, https:\/\/www.interlanguage.hu\/english\/wp-content\/uploads\/shutterstock_1093433234-300x200.jpg 300w, https:\/\/www.interlanguage.hu\/english\/wp-content\/uploads\/shutterstock_1093433234-1024x683.jpg 1024w, https:\/\/www.interlanguage.hu\/english\/wp-content\/uploads\/shutterstock_1093433234-768x512.jpg 768w, https:\/\/www.interlanguage.hu\/english\/wp-content\/uploads\/shutterstock_1093433234-1536x1024.jpg 1536w, https:\/\/www.interlanguage.hu\/english\/wp-content\/uploads\/shutterstock_1093433234-2048x1365.jpg 2048w\" sizes=\"(max-width: 2560px) 100vw, 2560px\" \/><\/p>\n<p dir=\"ltr\" style=\"text-align: justify;\" data-placeholder=\"Ford\u00edt\u00e1s\"><strong>Professional and special Czech courses<br \/><\/strong><span lang=\"en\">Among our Czech language courses, we also offer professional language and special Czech courses, including: <\/span><\/p>\n<p dir=\"ltr\" data-placeholder=\"Ford\u00edt\u00e1s\">Professional Czech language courses:<\/p>\n<ul>\n<li id=\"tw-target-text\" class=\"tw-data-text tw-text-large XcVN5d tw-ta\" dir=\"ltr\" data-placeholder=\"Ford\u00edt\u00e1s\"><span lang=\"en\">business, economy, commercial, catering industry<br \/><\/span><\/li>\n<\/ul>\n<p>Special Czech trainings:<\/p>\n<ul>\n<li id=\"tw-target-text\" class=\"tw-data-text tw-text-large XcVN5d tw-ta\" dir=\"ltr\" data-placeholder=\"Ford\u00edt\u00e1s\"><span lang=\"en\">Czech language exam preparation course <\/span><\/li>\n<li class=\"tw-data-text tw-text-large XcVN5d tw-ta\" dir=\"ltr\" data-placeholder=\"Ford\u00edt\u00e1s\"><span lang=\"en\">Czech language course for university studies<\/span><\/li>\n<li class=\"tw-data-text tw-text-large XcVN5d tw-ta\" dir=\"ltr\" data-placeholder=\"Ford\u00edt\u00e1s\">preparatory course for an Czech job interview<\/li>\n<li class=\"tw-data-text tw-text-large XcVN5d tw-ta\" dir=\"ltr\" data-placeholder=\"Ford\u00edt\u00e1s\"><span lang=\"en\">tourist language course for travelers to the Czech Republic<\/span><\/li>\n<li>country studies about the Czech Republic<\/li>\n<\/ul>\n<div class=\"oSioSc\">\n<div id=\"tw-target\">\n<div id=\"kAz1tf\" class=\"g9WsWb\">\n<div id=\"tw-target-text-container\" class=\"tw-ta-container hide-focus-ring tw-nfl\" tabindex=\"0\">\n<p id=\"tw-target-text\" class=\"tw-data-text tw-text-large XcVN5d tw-ta\" dir=\"ltr\" style=\"text-align: justify;\" data-placeholder=\"Ford\u00edt\u00e1s\"><span lang=\"en\"><strong>International groups and individual courses for language learners from all around the world<\/strong><br \/>Our Czech language courses are regularly attended by international students.<br \/><\/span><span lang=\"en\">In this case, the language of instruction will be chosen in agreement with the participant(s), for example, the lesson may be taught in Spanish, German, etc.<br \/><\/span><\/p>\n<p dir=\"ltr\" style=\"text-align: justify;\" data-placeholder=\"Ford\u00edt\u00e1s\">Upon request we also offer the possibility that the language of instruction during the language courses are in the target language (Czech).<\/p>\n<\/div>\n<\/div>\n<\/div>\n<\/div>\n<div id=\"tw-target-rmn-container\" class=\"tw-ta-container hide-focus-ring tw-nfl\">\n<p id=\"tw-target-text\" class=\"tw-data-text tw-text-large XcVN5d tw-ta\" dir=\"ltr\" style=\"text-align: justify;\" data-placeholder=\"Ford\u00edt\u00e1s\"><span lang=\"en\"><strong>Corporate Czech courses<br \/><\/strong>We also organize Czech language training within the framework of corporate language courses.<\/span><\/p>\n<p dir=\"ltr\" data-placeholder=\"Ford\u00edt\u00e1s\"><strong>Application<\/strong><\/p>\n<div id=\"tw-target-text-container\" class=\"tw-ta-container hide-focus-ring tw-nfl\" tabindex=\"0\">\n<p id=\"tw-target-text\" class=\"tw-data-text tw-text-large XcVN5d tw-ta\" dir=\"ltr\" style=\"text-align: justify;\" data-placeholder=\"Ford\u00edt\u00e1s\"><span lang=\"en\"> Learn Czech at our language school and enjoy the benefits of your improved language skills in your conversations with your friends, on your travels, at work or during your business meetings!<\/span><\/p>\n<p dir=\"ltr\">You can apply for our courses in person at our customer service office, by phone, or by email from Monday to Thursday between 10:00 a.m. and 5:00 p.m., and on Fridays between 10:00 a.m. and 4:00 p.m. Should you wish to visit us in person, our office is conveniently located in the city centre at <span style=\"color: #0000ff;\"><a style=\"color: #0000ff;\" href=\"https:\/\/maps.app.goo.gl\/3bWMaZzhHcpPjpeA6\">1056 Budapest, V\u00e1ci Street 47.<\/a><\/span><\/p>\n<p dir=\"ltr\">You can reach us by phone at <span style=\"color: #0000ff;\"><a style=\"color: #0000ff;\" href=\"tel:+36203404411\">+36 20 340 4411<\/a><\/span> or <span style=\"color: #0000ff;\"><a style=\"color: #0000ff;\" href=\"tel:+36202227653\">+36 20 222 7653<\/a><\/span> (also available on Viber and WhatsApp), or by email at <span style=\"color: #0000ff;\"><a style=\"color: #0000ff;\" href=\"mailto:mail@interlanguage.info\" target=\"_blank\" rel=\"noopener\">mail@interlanguage.info<\/a>.<\/span> Following your enrolment, our course coordination team will contact you and begin preparing the selected training programme.<\/p>\n<p><img loading=\"lazy\" class=\"alignnone size-full wp-image-2947\" src=\"https:\/\/www.interlanguage.hu\/english\/wp-content\/uploads\/shutterstock_2446099379-scaled.jpg\" alt=\"\" width=\"2560\" height=\"1709\" srcset=\"https:\/\/www.interlanguage.hu\/english\/wp-content\/uploads\/shutterstock_2446099379-scaled.jpg 2560w, https:\/\/www.interlanguage.hu\/english\/wp-content\/uploads\/shutterstock_2446099379-300x200.jpg 300w, https:\/\/www.interlanguage.hu\/english\/wp-content\/uploads\/shutterstock_2446099379-1024x683.jpg 1024w, https:\/\/www.interlanguage.hu\/english\/wp-content\/uploads\/shutterstock_2446099379-768x513.jpg 768w, https:\/\/www.interlanguage.hu\/english\/wp-content\/uploads\/shutterstock_2446099379-1536x1025.jpg 1536w, https:\/\/www.interlanguage.hu\/english\/wp-content\/uploads\/shutterstock_2446099379-2048x1367.jpg 2048w\" sizes=\"(max-width: 2560px) 100vw, 2560px\" \/><\/p>\n<p><b>About the Czech language and culture<\/b><\/p>\n<p><span style=\"font-weight: 400;\">Czech or \u010de\u0161tina is the official language of the Czech Republic. Spoken natively by approximately 10.7 million people.<\/span><\/p>\n<p><span style=\"font-weight: 400;\">A language that introduced the word \u201crobot\u201d to our world, the Czech language is happy with using only consonants to formulate many of its words.\u00a0 We are quickly approaching Christmas Eve, and that means that Czech speaking children will be eagerly listening for the beautiful sound of the bells that ring after dinner to announce that Je\u017e\u00ed\u0161ek or the \u201cLittle Jesus\u201d has left his presents for them under the tree. If one is single on Christmas Day they can try their luck by throwing their shoes over their shoulder, for Czech legend has it that if the toe of the shoe is pointed at the door, the individual will be married soon. If you have not had the chance to listen to a little music today, here is your chance to hear something truly ethereal.\u00a0 Dvo\u0159\u00e1k\u2019s aria, Song to the Moon from Rusalka is promised to make an unforgettable imprint on this cold December day.<\/span><\/p>\n<p><img loading=\"lazy\" class=\"alignnone size-full wp-image-2948\" src=\"https:\/\/www.interlanguage.hu\/english\/wp-content\/uploads\/shutterstock_2507287615-scaled.jpg\" alt=\"\" width=\"2560\" height=\"1706\" srcset=\"https:\/\/www.interlanguage.hu\/english\/wp-content\/uploads\/shutterstock_2507287615-scaled.jpg 2560w, https:\/\/www.interlanguage.hu\/english\/wp-content\/uploads\/shutterstock_2507287615-300x200.jpg 300w, https:\/\/www.interlanguage.hu\/english\/wp-content\/uploads\/shutterstock_2507287615-1024x683.jpg 1024w, https:\/\/www.interlanguage.hu\/english\/wp-content\/uploads\/shutterstock_2507287615-768x512.jpg 768w, https:\/\/www.interlanguage.hu\/english\/wp-content\/uploads\/shutterstock_2507287615-1536x1024.jpg 1536w, https:\/\/www.interlanguage.hu\/english\/wp-content\/uploads\/shutterstock_2507287615-2048x1365.jpg 2048w\" sizes=\"(max-width: 2560px) 100vw, 2560px\" \/><\/p>\n<p>\u00a0<\/p>\n<\/div>\n<\/div>","protected":false},"excerpt":{"rendered":"<p>Czech courses online or in classroomOur online trainings are held on a digital platform agreed with the participant(s).Our classroom trainings &hellip; <\/p>\n","protected":false},"author":1,"featured_media":0,"parent":0,"menu_order":0,"comment_status":"closed","ping_status":"closed","template":"","meta":{"om_disable_all_campaigns":false,"_monsterinsights_skip_tracking":false,"_monsterinsights_sitenote_active":false,"_monsterinsights_sitenote_note":"","_monsterinsights_sitenote_category":0,"_uf_show_specific_survey":0,"_uf_disable_surveys":false},"aioseo_notices":[],"_links":{"self":[{"href":"https:\/\/www.interlanguage.hu\/english\/wp-json\/wp\/v2\/pages\/51"}],"collection":[{"href":"https:\/\/www.interlanguage.hu\/english\/wp-json\/wp\/v2\/pages"}],"about":[{"href":"https:\/\/www.interlanguage.hu\/english\/wp-json\/wp\/v2\/types\/page"}],"author":[{"embeddable":true,"href":"https:\/\/www.interlanguage.hu\/english\/wp-json\/wp\/v2\/users\/1"}],"replies":[{"embeddable":true,"href":"https:\/\/www.interlanguage.hu\/english\/wp-json\/wp\/v2\/comments?post=51"}],"version-history":[{"count":35,"href":"https:\/\/www.interlanguage.hu\/english\/wp-json\/wp\/v2\/pages\/51\/revisions"}],"predecessor-version":[{"id":3251,"href":"https:\/\/www.interlanguage.hu\/english\/wp-json\/wp\/v2\/pages\/51\/revisions\/3251"}],"wp:attachment":[{"href":"https:\/\/www.interlanguage.hu\/english\/wp-json\/wp\/v2\/media?parent=51"}],"curies":[{"name":"wp","href":"https:\/\/api.w.org\/{rel}","templated":true}]}}